{"id":1229,"date":"2015-09-08T10:47:23","date_gmt":"2015-09-08T09:47:23","guid":{"rendered":"http:\/\/www.ssnr2015.org\/en\/?page_id=1229"},"modified":"2015-09-12T12:03:31","modified_gmt":"2015-09-12T11:03:31","slug":"ws1-neural-interfaces-and-wearable-robotics-in-rehabilitation-a-clinical-perspective","status":"publish","type":"page","link":"https:\/\/2015.summerschoolneurorehabilitation.org\/en\/ws1-neural-interfaces-and-wearable-robotics-in-rehabilitation-a-clinical-perspective\/","title":{"rendered":"WS1 &#8211; Neural interfaces and Wearable robotics in rehabilitation: a clinical perspective"},"content":{"rendered":"<p>&nbsp;<\/p>\n<p><b>Organizer:<\/b><br \/>\n<i>Jose L. Pons<\/i><br \/>\nNeural Rehabilitation\u00a0Group, Spanish National Research Council (CSIC), Madrid, Spain<\/p>\n<p><b>Co-organizers:<\/b><\/p>\n<p><i>Jose L.\u00a0Contreras-Vidal<\/i><br \/>\nDepartments of Electrical &amp;\u00a0Computer Eng. and Biomedical Eng.University of Houston<\/p>\n<p><i>Gerard E. Francisco<\/i><br \/>\nDep. of Physical Medicine and Rehab.\u00a0University of Texas Health Science\u00a0Center at Houston (UTHealth)<\/p>\n<p>&nbsp;<\/p>\n<p><b>Program:<\/b><\/p>\n<p><span style=\"text-decoration: underline;\">Monday, 14th<\/span><\/p>\n<p>J.L. Pons.\u00a0User-centered design of powered exoskeletons for the practitioner and the end-user<\/p>\n<p>\u2022 Contributions by J.L. Pons, M. Bortole, J.C. Moreno. Hands-on H2 exoskeleton<\/p>\n<p>&nbsp;<\/p>\n<p><span style=\"text-decoration: underline;\">Tuesday, 15th<\/span><\/p>\n<p>G. Francisco. Potential and Pitfalls of Deploying Powered Exoskeleton for Rehabilitation after Stroke and SCI.<\/p>\n<p>\u2022 Contributions by G. Francisco, A. Gil-Agudo (WR applied to SCI), M. Molinari (WR applied to stroke)<\/p>\n<p>&nbsp;<\/p>\n<p><span style=\"text-decoration: underline;\">Thursday, 17th<\/span><\/p>\n<p>P. Contreras-Vidal: Neural interfaces for multimodal gait intent detection for powered exoskeletons<\/p>\n<p align=\"justify\">\u2022 Contributions by J.L. Contreras-Vidal, J.M. Azor\u00edn (on detection of attention and obstacles), J. Ib\u00e1\u00f1ez (on combined ERD-MRCPs for detecting intention in upper limbs), M.\u00a0Sartori (on the use of neuro-musculoskeletal modeling to interface with WR) Hands-on BCI interfaced WR.<\/p>\n<p>&nbsp;<\/p>\n<p><b>Speakers:<\/b><\/p>\n<p><strong>Juan C. Moreno<\/strong><br \/>\nCajal Institute, CSIC, Spain<\/p>\n<p><strong>Title:<\/strong>\u00a0Control approaches for walking assistance in autonomous exoskeletons<\/p>\n<p align=\"justify\"><strong>Abstract:<\/strong>\u00a0\u00a0To be successful, autonomous active exoskeletons require a robust human-machine interface for the control, able to understand patient\u2019s intention and contribution to the movement. \u00a0The talk will discuss the latest progresses and control approaches of most advanced gait exoskeletons for treatment of neurological diseases that affect human mobility. The concept of symbiotic interaction is proposed to improve the management of interactions that take place when humans are assisted to walk by exoskeletons. The approach adopted in the BioMot exoskeleton to develop a cognitive architecture that exploits neuronal control and learning mechanisms will be presented.<\/p>\n<p>&nbsp;<\/p>\n<p><strong>Jos\u00e9 Mar\u00eda Azor\u00edn<\/strong><br \/>\nUniversidad Miguel Hern\u00e1ndez de Elche, Spain<\/p>\n<p><strong>Title:<\/strong> Cognitive attention mechanisms in wearable robots<\/p>\n<p align=\"justify\"><strong>Abstract:<\/strong>\u00a0 One of the goals of the EU BioMot project (Smart Wearable Robots with Bioinspired Sensory-Motor Skills, Grant Agreement number IFP7-ICT- 2013-10-611695) is to study with a non-invasive technique the cognitive attention mechanisms during walking. This talk will describe the procedures that have been developed in this project to measure the user\u2019s attention to the gait, and to detect the appearance of obstacles using a Brain-Computer Interface.<\/p>\n<p>&nbsp;<\/p>\n<p><strong>Massimo Sartori<\/strong><br \/>\nDepartment of Neurorehabilitation Engineering, University Medical Center Goettingen, Germany.<\/p>\n<p><strong>Title:<\/strong> Neuromuscular Modeling and Implications in Human-Machine Interfacing Technologies<\/p>\n<p align=\"justify\"><strong>Abstract:<\/strong> This presentation will explore the possibility of using electromyography-informed neuromuscular modelling for accessing a range of internal mechanical variables underlying \u00a0human movement including: joint torques, joint contact forces, and joint stiffness. The presentation will outline how these predicted variables can be used to establish intuitive human-machine interfaces. Furthermore, it will delineate how modelling techniques can be applied to scenarios involving patients locomoting using wearable assistive devices.<\/p>\n<p>&nbsp;<\/p>\n<p><strong>\u00c1ngel Gil-Agudo<\/strong><br \/>\nHospital de Parapl\u00e9jicos de Toledo, Spain<\/p>\n<p><strong>Title:<\/strong> SCI. General overview<\/p>\n<p align=\"justify\"><strong>Abstract:<\/strong>A short review of clinical aspects regarding spinal cord injury will be the introduction of this presentation. The clinical aspects to be considered when designing new exoskeletons will be discussed including what are the main goals to achieve exoskeletons for lower limbs. A review of the clinical evidence of current exoskeletons will also be presented. Finally we will show our experience with exoskeletons for gait rehabilitation in spinal cord injury patients in a clinical environment.<\/p>\n<p>&nbsp;<\/p>\n","protected":false},"excerpt":{"rendered":"<p>&nbsp; Organizer: Jose L. Pons Neural Rehabilitation\u00a0Group, Spanish National Research Council (CSIC), Madrid, Spain Co-organizers: Jose L.\u00a0Contreras-Vidal Departments of Electrical &amp;\u00a0Computer Eng. and Biomedical Eng.University of Houston Gerard E. Francisco Dep. of Physical Medicine and Rehab.\u00a0University of Texas Health Science\u00a0Center<\/p>\n","protected":false},"author":1,"featured_media":0,"parent":0,"menu_order":0,"comment_status":"closed","ping_status":"closed","template":"","meta":[],"_links":{"self":[{"href":"https:\/\/2015.summerschoolneurorehabilitation.org\/en\/wp-json\/wp\/v2\/pages\/1229"}],"collection":[{"href":"https:\/\/2015.summerschoolneurorehabilitation.org\/en\/wp-json\/wp\/v2\/pages"}],"about":[{"href":"https:\/\/2015.summerschoolneurorehabilitation.org\/en\/wp-json\/wp\/v2\/types\/page"}],"author":[{"embeddable":true,"href":"https:\/\/2015.summerschoolneurorehabilitation.org\/en\/wp-json\/wp\/v2\/users\/1"}],"replies":[{"embeddable":true,"href":"https:\/\/2015.summerschoolneurorehabilitation.org\/en\/wp-json\/wp\/v2\/comments?post=1229"}],"version-history":[{"count":20,"href":"https:\/\/2015.summerschoolneurorehabilitation.org\/en\/wp-json\/wp\/v2\/pages\/1229\/revisions"}],"predecessor-version":[{"id":1265,"href":"https:\/\/2015.summerschoolneurorehabilitation.org\/en\/wp-json\/wp\/v2\/pages\/1229\/revisions\/1265"}],"wp:attachment":[{"href":"https:\/\/2015.summerschoolneurorehabilitation.org\/en\/wp-json\/wp\/v2\/media?parent=1229"}],"curies":[{"name":"wp","href":"https:\/\/api.w.org\/{rel}","templated":true}]}}